{"id":762,"date":"2024-10-07T19:49:05","date_gmt":"2024-10-07T17:49:05","guid":{"rendered":"https:\/\/osiedlepodlasem.com\/nowastrona\/?page_id=762"},"modified":"2025-10-03T08:41:40","modified_gmt":"2025-10-03T06:41:40","slug":"kontakt","status":"publish","type":"page","link":"https:\/\/osiedlepodlasem.com\/?page_id=762","title":{"rendered":"Kontakt"},"content":{"rendered":"<p><strong>Kruszpol I Sp\u00f3\u0142ka z&nbsp;o.o.<\/strong><br \/>\nTrzech Kotwic 11 C<br \/>\n49-300 Brzeg<\/p>\n<p>NIP: 747 192 32 39<br \/>\nREGON: 522174859<\/p>\n<p>tel. <a href=\"tel:+48511903985\">+48 511 903 985<\/a><br \/>\ne-mail: <a href=\"mailto:kruszpol.joniak@gmail.com\">kruszpol.joniak@gmail.com<\/a><\/p>\n\n<div class=\"wpcf7 no-js\" id=\"wpcf7-f765-o1\" lang=\"pl-PL\" dir=\"ltr\" data-wpcf7-id=\"765\">\n<div class=\"screen-reader-response\"><p role=\"status\" aria-live=\"polite\" aria-atomic=\"true\"><\/p> <ul><\/ul><\/div>\n<form action=\"\/index.php?rest_route=%2Fwp%2Fv2%2Fpages%2F762#wpcf7-f765-o1\" method=\"post\" class=\"wpcf7-form init\" aria-label=\"Formularz kontaktowy\" novalidate=\"novalidate\" data-status=\"init\">\n<div style=\"display: none;\">\n<input type=\"hidden\" name=\"_wpcf7\" value=\"765\" \/>\n<input type=\"hidden\" name=\"_wpcf7_version\" value=\"6.0\" \/>\n<input type=\"hidden\" name=\"_wpcf7_locale\" value=\"pl_PL\" \/>\n<input type=\"hidden\" name=\"_wpcf7_unit_tag\" value=\"wpcf7-f765-o1\" \/>\n<input type=\"hidden\" name=\"_wpcf7_container_post\" value=\"0\" \/>\n<input type=\"hidden\" name=\"_wpcf7_posted_data_hash\" value=\"\" \/>\n<input type=\"hidden\" name=\"_wpcf7_recaptcha_response\" value=\"\" \/>\n<\/div>\n<div class=\"row gap\">\n\t<div class=\"left\">\n\t\t<div class=\"row gap\">\n\t\t\t<div class=\"col-12\">\n\t\t\t\t<p><label for=\"imie\">Imi\u0119<\/label><span class=\"wpcf7-form-control-wrap\" data-name=\"imie\"><input size=\"40\" maxlength=\"400\" class=\"wpcf7-form-control wpcf7-text wpcf7-validates-as-required\" id=\"input_left_0_0\" aria-required=\"true\" aria-invalid=\"false\" value=\"\" type=\"text\" name=\"imie\" \/><\/span>\n\t\t\t\t<\/p>\n\t\t\t<\/div>\n\t\t\t<div class=\"col-12\">\n\t\t\t\t<p><label for=\"input_left_0_1\">Telefon<\/label><span class=\"wpcf7-form-control-wrap\" data-name=\"tel-11\"><input size=\"40\" maxlength=\"400\" class=\"wpcf7-form-control wpcf7-tel wpcf7-validates-as-required wpcf7-text wpcf7-validates-as-tel\" id=\"input_left_0_1\" aria-required=\"true\" aria-invalid=\"false\" value=\"\" type=\"tel\" name=\"tel-11\" \/><\/span>\n\t\t\t\t<\/p>\n\t\t\t<\/div>\n\t\t\t<div class=\"col-12\">\n\t\t\t\t<p><label for=\"input_left_0_2\">Adres e-mail<\/label><span class=\"wpcf7-form-control-wrap\" data-name=\"email-11\"><input size=\"40\" maxlength=\"400\" class=\"wpcf7-form-control wpcf7-email wpcf7-validates-as-required wpcf7-text wpcf7-validates-as-email\" id=\"input_left_0_2\" aria-required=\"true\" aria-invalid=\"false\" value=\"\" type=\"email\" name=\"email-11\" \/><\/span>\n\t\t\t\t<\/p>\n\t\t\t<\/div>\n\t\t<\/div>\n\t<\/div>\n\t<div class=\"right\">\n\t\t<div class=\"row gap\">\n\t\t\t<div class=\"col-12\">\n\t\t\t\t<p><label for=\"input_right_0_5\">Wiadomo\u015b\u0107<\/label><span class=\"wpcf7-form-control-wrap\" data-name=\"message\"><textarea cols=\"40\" rows=\"10\" maxlength=\"2000\" class=\"wpcf7-form-control wpcf7-textarea wpcf7-validates-as-required\" id=\"input_right_0_5\" aria-required=\"true\" aria-invalid=\"false\" name=\"message\"><\/textarea><\/span>\n\t\t\t\t<\/p>\n\t\t\t<\/div>\n\t\t\t<div class=\"col-12 checkbox\">\n\t\t\t\t<p><span class=\"wpcf7-form-control-wrap\" data-name=\"acceptance-557\"><span class=\"wpcf7-form-control wpcf7-acceptance\"><span class=\"wpcf7-list-item\"><label><input type=\"checkbox\" name=\"acceptance-557\" value=\"1\" aria-invalid=\"false\" \/><span class=\"wpcf7-list-item-label\">Wyra\u017cam zgod\u0119 na przetwarzanie moich danych w celu obs\u0142ugi zapytania<\/span><\/label><\/span><\/span><\/span>\n\t\t\t\t<\/p>\n\t\t\t<\/div>\n\t\t\t<div class=\"col-12 ta-r\">\n\t\t\t\t<p><input class=\"wpcf7-form-control wpcf7-submit has-spinner\" type=\"submit\" value=\"Wy\u015blij wiadomo\u015b\u0107\" \/>\n\t\t\t\t<\/p>\n\t\t\t<\/div>\n\t\t<\/div>\n\t<\/div>\n<\/div><p style=\"display: none !important;\" class=\"akismet-fields-container\" data-prefix=\"_wpcf7_ak_\"><label>&#916;<textarea name=\"_wpcf7_ak_hp_textarea\" cols=\"45\" rows=\"8\" maxlength=\"100\"><\/textarea><\/label><input type=\"hidden\" id=\"ak_js_1\" name=\"_wpcf7_ak_js\" value=\"179\"\/><script>document.getElementById( \"ak_js_1\" ).setAttribute( \"value\", ( new Date() ).getTime() );<\/script><\/p><div class=\"wpcf7-response-output\" aria-hidden=\"true\"><\/div>\n<\/form>\n<\/div>\n\n","protected":false},"excerpt":{"rendered":"<p>Kruszpol I Sp\u00f3\u0142ka z&nbsp;o.o. Trzech Kotwic 11 C 49-300 Brzeg NIP: 747 192 32 39 REGON: 522174859 tel. +48 511 903 985 e-mail: kruszpol.joniak@gmail.com<\/p>\n","protected":false},"author":1,"featured_media":0,"parent":0,"menu_order":0,"comment_status":"closed","ping_status":"closed","template":"","meta":{"_acf_changed":false,"inline_featured_image":false,"footnotes":""},"class_list":["post-762","page","type-page","status-publish","hentry"],"acf":[],"_links":{"self":[{"href":"https:\/\/osiedlepodlasem.com\/index.php?rest_route=\/wp\/v2\/pages\/762","targetHints":{"allow":["GET"]}}],"collection":[{"href":"https:\/\/osiedlepodlasem.com\/index.php?rest_route=\/wp\/v2\/pages"}],"about":[{"href":"https:\/\/osiedlepodlasem.com\/index.php?rest_route=\/wp\/v2\/types\/page"}],"author":[{"embeddable":true,"href":"https:\/\/osiedlepodlasem.com\/index.php?rest_route=\/wp\/v2\/users\/1"}],"replies":[{"embeddable":true,"href":"https:\/\/osiedlepodlasem.com\/index.php?rest_route=%2Fwp%2Fv2%2Fcomments&post=762"}],"version-history":[{"count":4,"href":"https:\/\/osiedlepodlasem.com\/index.php?rest_route=\/wp\/v2\/pages\/762\/revisions"}],"predecessor-version":[{"id":1125,"href":"https:\/\/osiedlepodlasem.com\/index.php?rest_route=\/wp\/v2\/pages\/762\/revisions\/1125"}],"wp:attachment":[{"href":"https:\/\/osiedlepodlasem.com\/index.php?rest_route=%2Fwp%2Fv2%2Fmedia&parent=762"}],"curies":[{"name":"wp","href":"https:\/\/api.w.org\/{rel}","templated":true}]}}